{"id":1150,"date":"2016-04-08T10:44:11","date_gmt":"2016-04-08T10:44:11","guid":{"rendered":"http:\/\/nadyoga.org\/?page_id=1150&#038;lang=es"},"modified":"2022-10-19T06:28:41","modified_gmt":"2022-10-19T06:28:41","slug":"galeria-de-fotos","status":"publish","type":"page","link":"https:\/\/www.nadyoga.org\/es\/galeria-de-fotos\/","title":{"rendered":"Galer\u00eda de fotos"},"content":{"rendered":"<h1 style=\"text-align: center;\"><span style=\"color: #000000;\">Galer\u00eda de fotos<\/span><\/h1>\n<hr \/>\n<h4>Para m\u00e1s recientes im\u00e1genes, por favor visite nuestra p\u00e1gina de Instagram: <span style=\"text-decoration: underline; color: #3366ff;\"><a style=\"color: #3366ff; text-decoration: underline;\" href=\"https:\/\/www.instagram.com\/nadayogaschool\">https:\/\/www.instagram.com\/nadayogaschool\/<\/a><\/span><\/h4>\n<figure style=\"width: 551px\" class=\"wp-caption alignleft\"><img data-recalc-dims=\"1\" fetchpriority=\"high\" decoding=\"async\" src=\"https:\/\/i0.wp.com\/lh6.googleusercontent.com\/-eWlwA81FsI8\/VVdJmJStH1I\/AAAAAAAAAY8\/lZDG_i4wccU\/w737-h553-no\/IMG_0043.JPG?resize=551%2C413&#038;ssl=1\" alt=\"Clase de Yoga asanas por la ma\u00f1ana\" width=\"551\" height=\"413\" \/><figcaption class=\"wp-caption-text\">Clase de Yoga asanas por la ma\u00f1ana<\/figcaption><\/figure>\n<figure style=\"width: 551px\" class=\"wp-caption alignright\"><img data-recalc-dims=\"1\" decoding=\"async\" src=\"https:\/\/i0.wp.com\/lh4.googleusercontent.com\/-2Zbantnofw4\/VVdGcSJa2PI\/AAAAAAAAAYg\/bd1TcmEyfdk\/w830-h553-no\/IMG_8314.JPG?resize=551%2C367&#038;ssl=1\" alt=\"\u201cShatkarma\u201d, clase de intoxicaci\u00f3n dirigido por Yogi Kamal\" width=\"551\" height=\"367\" \/><figcaption class=\"wp-caption-text\">\u201cShatkarma\u201d, clase de intoxicaci\u00f3n dirigido por Yogi Kamal<\/figcaption><\/figure>\n<figure style=\"width: 550px\" class=\"wp-caption alignright\"><img data-recalc-dims=\"1\" decoding=\"async\" src=\"https:\/\/i0.wp.com\/lh6.googleusercontent.com\/-m61kdeXgYTA\/VVdLVrg8DgI\/AAAAAAAAAZ0\/WCUKr2ScrbU\/w737-h553-no\/IMG_0703.JPG?resize=550%2C413&#038;ssl=1\" alt=\"Clase de Yoga en el \u201cKunajapuri\u201d templo en los Himalayas\" width=\"550\" height=\"413\" \/><figcaption class=\"wp-caption-text\">Clase de Yoga en el \u201cKunajapuri\u201d templo en los Himalayas<\/figcaption><\/figure>\n<figure style=\"width: 551px\" class=\"wp-caption alignleft\"><img data-recalc-dims=\"1\" loading=\"lazy\" decoding=\"async\" src=\"https:\/\/i0.wp.com\/lh4.googleusercontent.com\/-ZFa9cA5EmBE\/VVdLIaseLLI\/AAAAAAAAAZk\/vNwkxccIMwc\/w830-h553-no\/image01.jpg?resize=551%2C367&#038;ssl=1\" alt=\"Charla interactiva de Yoga en el techo del centro\" width=\"551\" height=\"367\" \/><figcaption class=\"wp-caption-text\">Charla interactiva de Yoga en el techo del centro<\/figcaption><\/figure>\n<figure style=\"width: 551px\" class=\"wp-caption alignright\"><img data-recalc-dims=\"1\" loading=\"lazy\" decoding=\"async\" src=\"https:\/\/i0.wp.com\/lh4.googleusercontent.com\/-VH6h39atZWU\/VVdOgpAyeyI\/AAAAAAAAAao\/MjpAM6nSzBk\/w737-h553-no\/20150318_112504.jpg?resize=551%2C413&#038;ssl=1\" alt=\"Lecciones de filosof\u00eda de Yoga dado por Jivasu\" width=\"551\" height=\"413\" \/><figcaption class=\"wp-caption-text\">Lecciones de filosof\u00eda de Yoga dado por Jivasu<\/figcaption><\/figure>\n<figure style=\"width: 550px\" class=\"wp-caption alignleft\"><img data-recalc-dims=\"1\" loading=\"lazy\" decoding=\"async\" src=\"https:\/\/i0.wp.com\/lh6.googleusercontent.com\/-X5Hz7wApD2E\/VVdJP08LRUI\/AAAAAAAAAY0\/7LJ8XnfTfr0\/w737-h553-no\/IMG-20140822-WA0001.jpg?resize=550%2C413&#038;ssl=1\" alt=\"Clase de m\u00fasica cl\u00e1sica hind\u00fa con Bhuwan Chandra\" width=\"550\" height=\"413\" \/><figcaption class=\"wp-caption-text\">Clase de m\u00fasica cl\u00e1sica hind\u00fa con Bhuwan Chandra<\/figcaption><\/figure>\n<figure style=\"width: 550px\" class=\"wp-caption alignleft\"><img data-recalc-dims=\"1\" loading=\"lazy\" decoding=\"async\" src=\"https:\/\/i0.wp.com\/lh6.googleusercontent.com\/-hUnnMvt6rCU\/VVdPu-phPjI\/AAAAAAAAAbo\/bDvlptmEnsw\/w737-h553-no\/20150322_111809.jpg?resize=550%2C413&#038;ssl=1\" alt=\"Rafting en el r\u00edo Ganges\" width=\"550\" height=\"413\" \/><figcaption class=\"wp-caption-text\">Rafting en el r\u00edo Ganges<\/figcaption><\/figure>\n<figure style=\"width: 551px\" class=\"wp-caption alignright\"><img data-recalc-dims=\"1\" loading=\"lazy\" decoding=\"async\" src=\"https:\/\/i0.wp.com\/lh5.googleusercontent.com\/-YyOF8jvJVQ8\/VVdP6xb3l_I\/AAAAAAAAAcA\/zbV8M4yiGqE\/w1043-h515-no\/IMG-20150322-WA0008.jpg?resize=551%2C272&#038;ssl=1\" alt=\"Rafting en el r\u00edo Ganges\" width=\"551\" height=\"272\" \/><figcaption class=\"wp-caption-text\">Rafting en el r\u00edo Ganges<\/figcaption><\/figure>\n<figure style=\"width: 550px\" class=\"wp-caption alignright\"><img data-recalc-dims=\"1\" loading=\"lazy\" decoding=\"async\" src=\"https:\/\/i0.wp.com\/lh4.googleusercontent.com\/-yMjplVaJxOY\/VVdXfZZKopI\/AAAAAAAAAe4\/yjiY_rH_qYU\/w830-h553-no\/IMG_3901.JPG?resize=550%2C367&#038;ssl=1\" alt=\"Cantando mantras al lado del Ganges despu\u00e9s de la \u201cYajna\u201dceremonia\" width=\"550\" height=\"367\" \/><figcaption class=\"wp-caption-text\">Cantando mantras al lado del Ganges despu\u00e9s de la \u201cYajna\u201dceremonia<\/figcaption><\/figure>\n<figure style=\"width: 550px\" class=\"wp-caption alignleft\"><img data-recalc-dims=\"1\" loading=\"lazy\" decoding=\"async\" src=\"https:\/\/i0.wp.com\/lh4.googleusercontent.com\/-RrSQqoVkRm4\/VVdZTV_wo7I\/AAAAAAAAAfg\/BkUMlCgckyg\/w830-h553-no\/IMG_4109.JPG?resize=550%2C367&#038;ssl=1\" alt=\"La noche antes de la graduaci\u00f3n\" width=\"550\" height=\"367\" \/><figcaption class=\"wp-caption-text\">La noche antes de la graduaci\u00f3n<\/figcaption><\/figure>\n<figure style=\"width: 552px\" class=\"wp-caption alignright\"><img data-recalc-dims=\"1\" loading=\"lazy\" decoding=\"async\" src=\"https:\/\/i0.wp.com\/lh4.googleusercontent.com\/-TqNZdSCM5Dg\/VVdaj9pUMdI\/AAAAAAAAAf8\/2ueYoJpJ7Lw\/w830-h553-no\/IMG_4370.JPG?resize=552%2C368&#038;ssl=1\" alt=\"La hora del almuerzo\" width=\"552\" height=\"368\" \/><figcaption class=\"wp-caption-text\">La hora del almuerzo<\/figcaption><\/figure>\n<figure style=\"width: 550px\" class=\"wp-caption alignleft\"><img data-recalc-dims=\"1\" loading=\"lazy\" decoding=\"async\" src=\"https:\/\/i0.wp.com\/lh4.googleusercontent.com\/-fEoEL0jVJWY\/VVdb-uYEsmI\/AAAAAAAAAgs\/fRKGQ-2NgU8\/w830-h553-no\/New.jpg?resize=550%2C367&#038;ssl=1\" alt=\"Ceremonia de graduaci\u00f3n del curso de profesor de Yoga\" width=\"550\" height=\"367\" \/><figcaption class=\"wp-caption-text\">Ceremonia de graduaci\u00f3n del curso de profesor de Yoga<\/figcaption><\/figure>\n<figure style=\"width: 551px\" class=\"wp-caption alignleft\"><img data-recalc-dims=\"1\" loading=\"lazy\" decoding=\"async\" src=\"https:\/\/i0.wp.com\/lh4.googleusercontent.com\/-wvyUGkNwFCE\/VVdaioSZScI\/AAAAAAAAAf4\/p-aVbxq2CD4\/w830-h553-no\/IMG_4135.JPG?resize=551%2C367&#038;ssl=1\" alt=\"\u201cHoli\u201d- el festival de los colores, celebrado en la \u201cNada School\u201d\" width=\"551\" height=\"367\" \/><figcaption class=\"wp-caption-text\">\u201cHoli\u201d- el festival de los colores, celebrado en la \u201cNada School\u201d<\/figcaption><\/figure>\n","protected":false},"excerpt":{"rendered":"<p>Galer\u00eda de fotos Para m\u00e1s recientes im\u00e1genes, por favor visite nuestra p\u00e1gina de Instagram: https:\/\/www.instagram.com\/nadayogaschool\/<\/p>\n","protected":false},"author":1,"featured_media":0,"parent":0,"menu_order":0,"comment_status":"closed","ping_status":"open","template":"","meta":{"footnotes":""},"class_list":["post-1150","page","type-page","status-publish","hentry"],"yoast_head":"<!-- This site is optimized with the Yoast SEO plugin v27.5 - https:\/\/yoast.com\/product\/yoast-seo-wordpress\/ -->\n<title>Galer\u00eda de fotos - Nada Yoga School<\/title>\n<meta name=\"robots\" content=\"index, follow, max-snippet:-1, max-image-preview:large, max-video-preview:-1\" \/>\n<link rel=\"canonical\" href=\"https:\/\/www.nadyoga.org\/es\/galeria-de-fotos\/\" \/>\n<meta property=\"og:locale\" content=\"es_ES\" \/>\n<meta property=\"og:type\" content=\"article\" \/>\n<meta property=\"og:title\" content=\"Galer\u00eda de fotos - Nada Yoga School\" \/>\n<meta property=\"og:description\" content=\"Galer\u00eda de fotos Para m\u00e1s recientes im\u00e1genes, por favor visite nuestra p\u00e1gina de Instagram: https:\/\/www.instagram.com\/nadayogaschool\/\" \/>\n<meta property=\"og:url\" content=\"https:\/\/www.nadyoga.org\/es\/galeria-de-fotos\/\" \/>\n<meta property=\"og:site_name\" content=\"Nada Yoga School\" \/>\n<meta property=\"article:publisher\" content=\"https:\/\/www.facebook.com\/nadyoga.org\" \/>\n<meta property=\"article:modified_time\" content=\"2022-10-19T06:28:41+00:00\" \/>\n<meta property=\"og:image\" content=\"https:\/\/lh6.googleusercontent.com\/-eWlwA81FsI8\/VVdJmJStH1I\/AAAAAAAAAY8\/lZDG_i4wccU\/w737-h553-no\/IMG_0043.JPG\" \/>\n<meta name=\"twitter:card\" content=\"summary_large_image\" \/>\n<meta name=\"twitter:site\" content=\"@NadaYogaSchool\" \/>\n<meta name=\"twitter:label1\" content=\"Tiempo de lectura\" \/>\n\t<meta name=\"twitter:data1\" content=\"4 minutos\" \/>\n<script type=\"application\/ld+json\" class=\"yoast-schema-graph\">{\"@context\":\"https:\\\/\\\/schema.org\",\"@graph\":[{\"@type\":\"WebPage\",\"@id\":\"https:\\\/\\\/www.nadyoga.org\\\/es\\\/galeria-de-fotos\\\/\",\"url\":\"https:\\\/\\\/www.nadyoga.org\\\/es\\\/galeria-de-fotos\\\/\",\"name\":\"Galer\u00eda de fotos - Nada Yoga School\",\"isPartOf\":{\"@id\":\"https:\\\/\\\/www.nadyoga.org\\\/es\\\/#website\"},\"primaryImageOfPage\":{\"@id\":\"https:\\\/\\\/www.nadyoga.org\\\/es\\\/galeria-de-fotos\\\/#primaryimage\"},\"image\":{\"@id\":\"https:\\\/\\\/www.nadyoga.org\\\/es\\\/galeria-de-fotos\\\/#primaryimage\"},\"thumbnailUrl\":\"https:\\\/\\\/lh6.googleusercontent.com\\\/-eWlwA81FsI8\\\/VVdJmJStH1I\\\/AAAAAAAAAY8\\\/lZDG_i4wccU\\\/w737-h553-no\\\/IMG_0043.JPG\",\"datePublished\":\"2016-04-08T10:44:11+00:00\",\"dateModified\":\"2022-10-19T06:28:41+00:00\",\"breadcrumb\":{\"@id\":\"https:\\\/\\\/www.nadyoga.org\\\/es\\\/galeria-de-fotos\\\/#breadcrumb\"},\"inLanguage\":\"es\",\"potentialAction\":[{\"@type\":\"ReadAction\",\"target\":[\"https:\\\/\\\/www.nadyoga.org\\\/es\\\/galeria-de-fotos\\\/\"]}]},{\"@type\":\"ImageObject\",\"inLanguage\":\"es\",\"@id\":\"https:\\\/\\\/www.nadyoga.org\\\/es\\\/galeria-de-fotos\\\/#primaryimage\",\"url\":\"https:\\\/\\\/lh6.googleusercontent.com\\\/-eWlwA81FsI8\\\/VVdJmJStH1I\\\/AAAAAAAAAY8\\\/lZDG_i4wccU\\\/w737-h553-no\\\/IMG_0043.JPG\",\"contentUrl\":\"https:\\\/\\\/lh6.googleusercontent.com\\\/-eWlwA81FsI8\\\/VVdJmJStH1I\\\/AAAAAAAAAY8\\\/lZDG_i4wccU\\\/w737-h553-no\\\/IMG_0043.JPG\"},{\"@type\":\"BreadcrumbList\",\"@id\":\"https:\\\/\\\/www.nadyoga.org\\\/es\\\/galeria-de-fotos\\\/#breadcrumb\",\"itemListElement\":[{\"@type\":\"ListItem\",\"position\":1,\"name\":\"Home\",\"item\":\"https:\\\/\\\/www.nadyoga.org\\\/es\\\/formacion-de-profesores-de-yoga-en-la-india\\\/\"},{\"@type\":\"ListItem\",\"position\":2,\"name\":\"Galer\u00eda de fotos\"}]},{\"@type\":\"WebSite\",\"@id\":\"https:\\\/\\\/www.nadyoga.org\\\/es\\\/#website\",\"url\":\"https:\\\/\\\/www.nadyoga.org\\\/es\\\/\",\"name\":\"Nada Yoga School\",\"description\":\"Traditional Yoga School in Rishikesh, India\",\"publisher\":{\"@id\":\"https:\\\/\\\/www.nadyoga.org\\\/es\\\/#organization\"},\"potentialAction\":[{\"@type\":\"SearchAction\",\"target\":{\"@type\":\"EntryPoint\",\"urlTemplate\":\"https:\\\/\\\/www.nadyoga.org\\\/es\\\/?s={search_term_string}\"},\"query-input\":{\"@type\":\"PropertyValueSpecification\",\"valueRequired\":true,\"valueName\":\"search_term_string\"}}],\"inLanguage\":\"es\"},{\"@type\":\"Organization\",\"@id\":\"https:\\\/\\\/www.nadyoga.org\\\/es\\\/#organization\",\"name\":\"Nada Yoga School\",\"url\":\"https:\\\/\\\/www.nadyoga.org\\\/es\\\/\",\"logo\":{\"@type\":\"ImageObject\",\"inLanguage\":\"es\",\"@id\":\"https:\\\/\\\/www.nadyoga.org\\\/es\\\/#\\\/schema\\\/logo\\\/image\\\/\",\"url\":\"https:\\\/\\\/i0.wp.com\\\/www.nadyoga.org\\\/wp-content\\\/uploads\\\/2023\\\/05\\\/nada-yoga-school-logo.png?fit=465%2C100&ssl=1\",\"contentUrl\":\"https:\\\/\\\/i0.wp.com\\\/www.nadyoga.org\\\/wp-content\\\/uploads\\\/2023\\\/05\\\/nada-yoga-school-logo.png?fit=465%2C100&ssl=1\",\"width\":465,\"height\":100,\"caption\":\"Nada Yoga School\"},\"image\":{\"@id\":\"https:\\\/\\\/www.nadyoga.org\\\/es\\\/#\\\/schema\\\/logo\\\/image\\\/\"},\"sameAs\":[\"https:\\\/\\\/www.facebook.com\\\/nadyoga.org\",\"https:\\\/\\\/x.com\\\/NadaYogaSchool\",\"https:\\\/\\\/www.instagram.com\\\/nadayogaschool\\\/\",\"https:\\\/\\\/www.youtube.com\\\/channel\\\/UCCm32ZxVg_-_YYs8UP2boXQ\"]}]}<\/script>\n<!-- \/ Yoast SEO plugin. -->","yoast_head_json":{"title":"Galer\u00eda de fotos - Nada Yoga School","robots":{"index":"index","follow":"follow","max-snippet":"max-snippet:-1","max-image-preview":"max-image-preview:large","max-video-preview":"max-video-preview:-1"},"canonical":"https:\/\/www.nadyoga.org\/es\/galeria-de-fotos\/","og_locale":"es_ES","og_type":"article","og_title":"Galer\u00eda de fotos - Nada Yoga School","og_description":"Galer\u00eda de fotos Para m\u00e1s recientes im\u00e1genes, por favor visite nuestra p\u00e1gina de Instagram: https:\/\/www.instagram.com\/nadayogaschool\/","og_url":"https:\/\/www.nadyoga.org\/es\/galeria-de-fotos\/","og_site_name":"Nada Yoga School","article_publisher":"https:\/\/www.facebook.com\/nadyoga.org","article_modified_time":"2022-10-19T06:28:41+00:00","og_image":[{"url":"https:\/\/lh6.googleusercontent.com\/-eWlwA81FsI8\/VVdJmJStH1I\/AAAAAAAAAY8\/lZDG_i4wccU\/w737-h553-no\/IMG_0043.JPG","type":"","width":"","height":""}],"twitter_card":"summary_large_image","twitter_site":"@NadaYogaSchool","twitter_misc":{"Tiempo de lectura":"4 minutos"},"schema":{"@context":"https:\/\/schema.org","@graph":[{"@type":"WebPage","@id":"https:\/\/www.nadyoga.org\/es\/galeria-de-fotos\/","url":"https:\/\/www.nadyoga.org\/es\/galeria-de-fotos\/","name":"Galer\u00eda de fotos - Nada Yoga School","isPartOf":{"@id":"https:\/\/www.nadyoga.org\/es\/#website"},"primaryImageOfPage":{"@id":"https:\/\/www.nadyoga.org\/es\/galeria-de-fotos\/#primaryimage"},"image":{"@id":"https:\/\/www.nadyoga.org\/es\/galeria-de-fotos\/#primaryimage"},"thumbnailUrl":"https:\/\/lh6.googleusercontent.com\/-eWlwA81FsI8\/VVdJmJStH1I\/AAAAAAAAAY8\/lZDG_i4wccU\/w737-h553-no\/IMG_0043.JPG","datePublished":"2016-04-08T10:44:11+00:00","dateModified":"2022-10-19T06:28:41+00:00","breadcrumb":{"@id":"https:\/\/www.nadyoga.org\/es\/galeria-de-fotos\/#breadcrumb"},"inLanguage":"es","potentialAction":[{"@type":"ReadAction","target":["https:\/\/www.nadyoga.org\/es\/galeria-de-fotos\/"]}]},{"@type":"ImageObject","inLanguage":"es","@id":"https:\/\/www.nadyoga.org\/es\/galeria-de-fotos\/#primaryimage","url":"https:\/\/lh6.googleusercontent.com\/-eWlwA81FsI8\/VVdJmJStH1I\/AAAAAAAAAY8\/lZDG_i4wccU\/w737-h553-no\/IMG_0043.JPG","contentUrl":"https:\/\/lh6.googleusercontent.com\/-eWlwA81FsI8\/VVdJmJStH1I\/AAAAAAAAAY8\/lZDG_i4wccU\/w737-h553-no\/IMG_0043.JPG"},{"@type":"BreadcrumbList","@id":"https:\/\/www.nadyoga.org\/es\/galeria-de-fotos\/#breadcrumb","itemListElement":[{"@type":"ListItem","position":1,"name":"Home","item":"https:\/\/www.nadyoga.org\/es\/formacion-de-profesores-de-yoga-en-la-india\/"},{"@type":"ListItem","position":2,"name":"Galer\u00eda de fotos"}]},{"@type":"WebSite","@id":"https:\/\/www.nadyoga.org\/es\/#website","url":"https:\/\/www.nadyoga.org\/es\/","name":"Nada Yoga School","description":"Traditional Yoga School in Rishikesh, India","publisher":{"@id":"https:\/\/www.nadyoga.org\/es\/#organization"},"potentialAction":[{"@type":"SearchAction","target":{"@type":"EntryPoint","urlTemplate":"https:\/\/www.nadyoga.org\/es\/?s={search_term_string}"},"query-input":{"@type":"PropertyValueSpecification","valueRequired":true,"valueName":"search_term_string"}}],"inLanguage":"es"},{"@type":"Organization","@id":"https:\/\/www.nadyoga.org\/es\/#organization","name":"Nada Yoga School","url":"https:\/\/www.nadyoga.org\/es\/","logo":{"@type":"ImageObject","inLanguage":"es","@id":"https:\/\/www.nadyoga.org\/es\/#\/schema\/logo\/image\/","url":"https:\/\/i0.wp.com\/www.nadyoga.org\/wp-content\/uploads\/2023\/05\/nada-yoga-school-logo.png?fit=465%2C100&ssl=1","contentUrl":"https:\/\/i0.wp.com\/www.nadyoga.org\/wp-content\/uploads\/2023\/05\/nada-yoga-school-logo.png?fit=465%2C100&ssl=1","width":465,"height":100,"caption":"Nada Yoga School"},"image":{"@id":"https:\/\/www.nadyoga.org\/es\/#\/schema\/logo\/image\/"},"sameAs":["https:\/\/www.facebook.com\/nadyoga.org","https:\/\/x.com\/NadaYogaSchool","https:\/\/www.instagram.com\/nadayogaschool\/","https:\/\/www.youtube.com\/channel\/UCCm32ZxVg_-_YYs8UP2boXQ"]}]}},"_links":{"self":[{"href":"https:\/\/www.nadyoga.org\/es\/wp-json\/wp\/v2\/pages\/1150","targetHints":{"allow":["GET"]}}],"collection":[{"href":"https:\/\/www.nadyoga.org\/es\/wp-json\/wp\/v2\/pages"}],"about":[{"href":"https:\/\/www.nadyoga.org\/es\/wp-json\/wp\/v2\/types\/page"}],"author":[{"embeddable":true,"href":"https:\/\/www.nadyoga.org\/es\/wp-json\/wp\/v2\/users\/1"}],"replies":[{"embeddable":true,"href":"https:\/\/www.nadyoga.org\/es\/wp-json\/wp\/v2\/comments?post=1150"}],"version-history":[{"count":0,"href":"https:\/\/www.nadyoga.org\/es\/wp-json\/wp\/v2\/pages\/1150\/revisions"}],"wp:attachment":[{"href":"https:\/\/www.nadyoga.org\/es\/wp-json\/wp\/v2\/media?parent=1150"}],"curies":[{"name":"wp","href":"https:\/\/api.w.org\/{rel}","templated":true}]}}